{"id":201,"date":"2012-10-30T15:51:53","date_gmt":"2012-10-30T15:51:53","guid":{"rendered":"http:\/\/ff-langenbieber.de\/?page_id=201"},"modified":"2025-03-22T16:47:42","modified_gmt":"2025-03-22T16:47:42","slug":"einsatzarchiv","status":"publish","type":"page","link":"http:\/\/ff-langenbieber.de\/index.php\/einsatzarchiv\/","title":{"rendered":"Einsatzarchiv"},"content":{"rendered":"<p>&nbsp;<\/p>\n<p>Hier sind alle Eins\u00e4tze der letzten Jahre zu finden.<\/p>\n<p>Eins\u00e4tze in 2025<\/p>\n<p>Eins\u00e4tze in 2024<\/p>\n<p>Eins\u00e4tze in 2023<\/p>\n<p>Eins\u00e4tze in 2022<\/p>\n<p>Eins\u00e4tze in 2021<\/p>\n<p>Eins\u00e4tze in 2020<\/p>\n<p><a href=\"http:\/\/ff-langenbieber.de\/einsaetze-2019\/\">Eins\u00e4tze in 2019<\/a><\/p>\n<p><a href=\"http:\/\/ff-langenbieber.de\/einsaetze-in-2018\/\">Eins\u00e4tze in 2018<\/a><\/p>\n<p><a href=\"http:\/\/ff-langenbieber.de\/einsaetze-in-2017\/\">Eins\u00e4tze in 2017<\/a><\/p>\n<p><a href=\"http:\/\/ff-langenbieber.de\/einsaetze-2016\/\">Eins\u00e4tze in 2016<\/a><\/p>\n<p><a href=\"http:\/\/ff-langenbieber.de\/einsaetze-in-2015\/\">Eins\u00e4tze in 2015<\/a><\/p>\n<p><a title=\"Eins\u00e4tze in 2014\" href=\"http:\/\/ff-langenbieber.de\/einsaetze-in-2014\/\">Eins\u00e4tze in 2014<\/a><\/p>\n<p><a title=\"Eins\u00e4tze in 2013\" href=\"http:\/\/ff-langenbieber.de\/einsatze-in-2013\/\">Eins\u00e4tze in 2013 <\/a><\/p>\n<p><a title=\"Eins\u00e4tze in 2012\" href=\"http:\/\/ff-langenbieber.de\/einsatze-in-2012\/\">Eins\u00e4tze in 2012<\/a><\/p>\n<p><a title=\"Eins\u00e4tze 2011\" href=\"http:\/\/ff-langenbieber.de\/einsatze-2011\/\">Eins\u00e4tze in 2011<\/a><\/p>\n<p><a title=\"Eins\u00e4tze in 2010\" href=\"http:\/\/ff-langenbieber.de\/einsatze-in-2010\/\">Eins\u00e4tze in 2010<\/a><\/p>\n<p>&nbsp;<\/p>\n","protected":false},"excerpt":{"rendered":"<p>&nbsp; Hier sind alle Eins\u00e4tze der letzten Jahre zu finden. Eins\u00e4tze in 2025 Eins\u00e4tze in 2024 Eins\u00e4tze in 2023 Eins\u00e4tze in 2022 Eins\u00e4tze in 2021 Eins\u00e4tze in 2020 Eins\u00e4tze in 2019 Eins\u00e4tze in 2018 Eins\u00e4tze in 2017 Eins\u00e4tze in 2016 Eins\u00e4tze in 2015 Eins\u00e4tze in 2014 Eins\u00e4tze in 2013 Eins\u00e4tze in 2012 Eins\u00e4tze in 2011 [&hellip;]<\/p>\n","protected":false},"author":1,"featured_media":0,"parent":0,"menu_order":0,"comment_status":"closed","ping_status":"closed","template":"","meta":{"ngg_post_thumbnail":0,"ocean_post_layout":"","ocean_both_sidebars_style":"","ocean_both_sidebars_content_width":0,"ocean_both_sidebars_sidebars_width":0,"ocean_sidebar":"0","ocean_second_sidebar":"0","ocean_disable_margins":"enable","ocean_add_body_class":"","ocean_shortcode_before_top_bar":"","ocean_shortcode_after_top_bar":"","ocean_shortcode_before_header":"","ocean_shortcode_after_header":"","ocean_has_shortcode":"","ocean_shortcode_after_title":"","ocean_shortcode_before_footer_widgets":"","ocean_shortcode_after_footer_widgets":"","ocean_shortcode_before_footer_bottom":"","ocean_shortcode_after_footer_bottom":"","ocean_display_top_bar":"default","ocean_display_header":"default","ocean_header_style":"","ocean_center_header_left_menu":"0","ocean_custom_header_template":"0","ocean_custom_logo":0,"ocean_custom_retina_logo":0,"ocean_custom_logo_max_width":0,"ocean_custom_logo_tablet_max_width":0,"ocean_custom_logo_mobile_max_width":0,"ocean_custom_logo_max_height":0,"ocean_custom_logo_tablet_max_height":0,"ocean_custom_logo_mobile_max_height":0,"ocean_header_custom_menu":"0","ocean_menu_typo_font_family":"0","ocean_menu_typo_font_subset":"","ocean_menu_typo_font_size":0,"ocean_menu_typo_font_size_tablet":0,"ocean_menu_typo_font_size_mobile":0,"ocean_menu_typo_font_size_unit":"px","ocean_menu_typo_font_weight":"","ocean_menu_typo_font_weight_tablet":"","ocean_menu_typo_font_weight_mobile":"","ocean_menu_typo_transform":"","ocean_menu_typo_transform_tablet":"","ocean_menu_typo_transform_mobile":"","ocean_menu_typo_line_height":0,"ocean_menu_typo_line_height_tablet":0,"ocean_menu_typo_line_height_mobile":0,"ocean_menu_typo_line_height_unit":"","ocean_menu_typo_spacing":0,"ocean_menu_typo_spacing_tablet":0,"ocean_menu_typo_spacing_mobile":0,"ocean_menu_typo_spacing_unit":"","ocean_menu_link_color":"","ocean_menu_link_color_hover":"","ocean_menu_link_color_active":"","ocean_menu_link_background":"","ocean_menu_link_hover_background":"","ocean_menu_link_active_background":"","ocean_menu_social_links_bg":"","ocean_menu_social_hover_links_bg":"","ocean_menu_social_links_color":"","ocean_menu_social_hover_links_color":"","ocean_disable_title":"default","ocean_disable_heading":"default","ocean_post_title":"","ocean_post_subheading":"","ocean_post_title_style":"","ocean_post_title_background_color":"","ocean_post_title_background":0,"ocean_post_title_bg_image_position":"","ocean_post_title_bg_image_attachment":"","ocean_post_title_bg_image_repeat":"","ocean_post_title_bg_image_size":"","ocean_post_title_height":0,"ocean_post_title_bg_overlay":0.5,"ocean_post_title_bg_overlay_color":"","ocean_disable_breadcrumbs":"default","ocean_breadcrumbs_color":"","ocean_breadcrumbs_separator_color":"","ocean_breadcrumbs_links_color":"","ocean_breadcrumbs_links_hover_color":"","ocean_display_footer_widgets":"on","ocean_display_footer_bottom":"off","ocean_custom_footer_template":"2296","footnotes":""},"class_list":["post-201","page","type-page","status-publish","hentry","entry"],"_links":{"self":[{"href":"http:\/\/ff-langenbieber.de\/index.php\/wp-json\/wp\/v2\/pages\/201","targetHints":{"allow":["GET"]}}],"collection":[{"href":"http:\/\/ff-langenbieber.de\/index.php\/wp-json\/wp\/v2\/pages"}],"about":[{"href":"http:\/\/ff-langenbieber.de\/index.php\/wp-json\/wp\/v2\/types\/page"}],"author":[{"embeddable":true,"href":"http:\/\/ff-langenbieber.de\/index.php\/wp-json\/wp\/v2\/users\/1"}],"replies":[{"embeddable":true,"href":"http:\/\/ff-langenbieber.de\/index.php\/wp-json\/wp\/v2\/comments?post=201"}],"version-history":[{"count":0,"href":"http:\/\/ff-langenbieber.de\/index.php\/wp-json\/wp\/v2\/pages\/201\/revisions"}],"wp:attachment":[{"href":"http:\/\/ff-langenbieber.de\/index.php\/wp-json\/wp\/v2\/media?parent=201"}],"curies":[{"name":"wp","href":"https:\/\/api.w.org\/{rel}","templated":true}]}}