{"id":189,"date":"2012-09-30T17:19:11","date_gmt":"2012-09-30T17:19:11","guid":{"rendered":"http:\/\/ff-langenbieber.de\/?page_id=189"},"modified":"2025-03-02T13:11:24","modified_gmt":"2025-03-02T13:11:24","slug":"einsatzabteilung","status":"publish","type":"page","link":"http:\/\/ff-langenbieber.de\/index.php\/einsatzabteilung\/","title":{"rendered":"Einsatzabteilung"},"content":{"rendered":"<p>&nbsp;<\/p>\n<p><p class=\"responsive-video-wrap clr\"><iframe title=\"Ankunft TSF W   Langenbieber\" width=\"1200\" height=\"675\" src=\"https:\/\/www.youtube.com\/embed\/BdtV9zjceJQ?feature=oembed\" frameborder=\"0\" allow=\"accelerometer; autoplay; clipboard-write; encrypted-media; gyroscope; picture-in-picture; web-share\" referrerpolicy=\"strict-origin-when-cross-origin\" allowfullscreen><\/iframe><\/p><\/p>\n<p><span style=\"font-size: large; color: #000000;\"><span style=\"font-size: large;\"><span style=\"font-size: large;\"><span style=\"font-size: small;\">Die Einsatzabteilung der Freiwilligen Feuerwehr L<\/span><\/span><\/span><\/span><span style=\"font-size: large;\"><span style=\"font-size: large;\"><span style=\"font-size: large;\"><span style=\"font-size: small;\"><span style=\"color: #000000;\">angenbieber besteht zur Zeit aus 38 Mitgliedern.<\/span><\/span><\/span><\/span><\/span><\/p>\n<p><span style=\"color: #000000;\">Mittels Sirene und FME (Funkmeldeempf\u00e4nger) werden wir zu allen m\u00f6glichen Eins\u00e4tzen gerufen.<\/span><\/p>\n<p><span style=\"color: #000000;\">Seit 2006 befindet sich unser Feuerwehrhaus am Ortsausgang Langenbieber Richtung Niederbieber.<\/span><\/p>\n<p>&nbsp;<\/p>\n<p><a href=\"http:\/\/ff-langenbieber.de\/beispiel-seite\/neuesfgh\/\" rel=\"attachment wp-att-31\"><img fetchpriority=\"high\" decoding=\"async\" class=\"aligncenter size-full wp-image-31\" src=\"http:\/\/ff-langenbieber.de\/wp-content\/uploads\/2012\/05\/NeuesFGH.jpg\" alt=\"Unser neues Feuerwehrhaus\" width=\"640\" height=\"480\" srcset=\"http:\/\/ff-langenbieber.de\/wp-content\/uploads\/2012\/05\/NeuesFGH.jpg 640w, http:\/\/ff-langenbieber.de\/wp-content\/uploads\/2012\/05\/NeuesFGH-300x225.jpg 300w, http:\/\/ff-langenbieber.de\/wp-content\/uploads\/2012\/05\/NeuesFGH-600x450.jpg 600w, http:\/\/ff-langenbieber.de\/wp-content\/uploads\/2012\/05\/NeuesFGH-400x300.jpg 400w\" sizes=\"(max-width: 640px) 100vw, 640px\" \/><\/a><\/p>\n<p><span style=\"font-size: large; color: #000000;\"><span style=\"font-size: small;\">\u00dcber neue Mitglieder freuen wir uns jederzeit. Unserer n\u00e4chsten Zusammenk\u00fcnfte im Feuerwehrger\u00e4tehaus k\u00f6nnen dem <a href=\"http:\/\/ff-langenbieber.de\/index.php\/dienstplan-test\/\">Dienstplan<\/a> entommen werden.<br><\/span><\/span><\/p>\n<p>&nbsp;<\/p>\n\n","protected":false},"excerpt":{"rendered":"<p>&nbsp; Die Einsatzabteilung der Freiwilligen Feuerwehr Langenbieber besteht zur Zeit aus 38 Mitgliedern. Mittels Sirene und FME (Funkmeldeempf\u00e4nger) werden wir zu allen m\u00f6glichen Eins\u00e4tzen gerufen. Seit 2006 befindet sich unser Feuerwehrhaus am Ortsausgang Langenbieber Richtung Niederbieber. &nbsp; \u00dcber neue Mitglieder freuen wir uns jederzeit. Unserer n\u00e4chsten Zusammenk\u00fcnfte im Feuerwehrger\u00e4tehaus k\u00f6nnen dem Dienstplan entommen werden. &nbsp;<\/p>\n","protected":false},"author":1,"featured_media":0,"parent":0,"menu_order":0,"comment_status":"closed","ping_status":"closed","template":"","meta":{"ngg_post_thumbnail":0,"ocean_post_layout":"","ocean_both_sidebars_style":"","ocean_both_sidebars_content_width":0,"ocean_both_sidebars_sidebars_width":0,"ocean_sidebar":"0","ocean_second_sidebar":"0","ocean_disable_margins":"enable","ocean_add_body_class":"","ocean_shortcode_before_top_bar":"","ocean_shortcode_after_top_bar":"","ocean_shortcode_before_header":"","ocean_shortcode_after_header":"","ocean_has_shortcode":"","ocean_shortcode_after_title":"","ocean_shortcode_before_footer_widgets":"","ocean_shortcode_after_footer_widgets":"","ocean_shortcode_before_footer_bottom":"","ocean_shortcode_after_footer_bottom":"","ocean_display_top_bar":"off","ocean_display_header":"on","ocean_header_style":"","ocean_center_header_left_menu":"0","ocean_custom_header_template":"0","ocean_custom_logo":0,"ocean_custom_retina_logo":0,"ocean_custom_logo_max_width":0,"ocean_custom_logo_tablet_max_width":0,"ocean_custom_logo_mobile_max_width":0,"ocean_custom_logo_max_height":0,"ocean_custom_logo_tablet_max_height":0,"ocean_custom_logo_mobile_max_height":0,"ocean_header_custom_menu":"0","ocean_menu_typo_font_family":"0","ocean_menu_typo_font_subset":"","ocean_menu_typo_font_size":0,"ocean_menu_typo_font_size_tablet":0,"ocean_menu_typo_font_size_mobile":0,"ocean_menu_typo_font_size_unit":"px","ocean_menu_typo_font_weight":"","ocean_menu_typo_font_weight_tablet":"","ocean_menu_typo_font_weight_mobile":"","ocean_menu_typo_transform":"","ocean_menu_typo_transform_tablet":"","ocean_menu_typo_transform_mobile":"","ocean_menu_typo_line_height":0,"ocean_menu_typo_line_height_tablet":0,"ocean_menu_typo_line_height_mobile":0,"ocean_menu_typo_line_height_unit":"","ocean_menu_typo_spacing":0,"ocean_menu_typo_spacing_tablet":0,"ocean_menu_typo_spacing_mobile":0,"ocean_menu_typo_spacing_unit":"","ocean_menu_link_color":"","ocean_menu_link_color_hover":"","ocean_menu_link_color_active":"","ocean_menu_link_background":"","ocean_menu_link_hover_background":"","ocean_menu_link_active_background":"","ocean_menu_social_links_bg":"","ocean_menu_social_hover_links_bg":"","ocean_menu_social_links_color":"","ocean_menu_social_hover_links_color":"","ocean_disable_title":"default","ocean_disable_heading":"default","ocean_post_title":"","ocean_post_subheading":"","ocean_post_title_style":"","ocean_post_title_background_color":"","ocean_post_title_background":0,"ocean_post_title_bg_image_position":"","ocean_post_title_bg_image_attachment":"","ocean_post_title_bg_image_repeat":"","ocean_post_title_bg_image_size":"","ocean_post_title_height":0,"ocean_post_title_bg_overlay":0.5,"ocean_post_title_bg_overlay_color":"","ocean_disable_breadcrumbs":"default","ocean_breadcrumbs_color":"","ocean_breadcrumbs_separator_color":"","ocean_breadcrumbs_links_color":"","ocean_breadcrumbs_links_hover_color":"","ocean_display_footer_widgets":"on","ocean_display_footer_bottom":"off","ocean_custom_footer_template":"2296","footnotes":""},"class_list":["post-189","page","type-page","status-publish","hentry","entry"],"_links":{"self":[{"href":"http:\/\/ff-langenbieber.de\/index.php\/wp-json\/wp\/v2\/pages\/189","targetHints":{"allow":["GET"]}}],"collection":[{"href":"http:\/\/ff-langenbieber.de\/index.php\/wp-json\/wp\/v2\/pages"}],"about":[{"href":"http:\/\/ff-langenbieber.de\/index.php\/wp-json\/wp\/v2\/types\/page"}],"author":[{"embeddable":true,"href":"http:\/\/ff-langenbieber.de\/index.php\/wp-json\/wp\/v2\/users\/1"}],"replies":[{"embeddable":true,"href":"http:\/\/ff-langenbieber.de\/index.php\/wp-json\/wp\/v2\/comments?post=189"}],"version-history":[{"count":0,"href":"http:\/\/ff-langenbieber.de\/index.php\/wp-json\/wp\/v2\/pages\/189\/revisions"}],"wp:attachment":[{"href":"http:\/\/ff-langenbieber.de\/index.php\/wp-json\/wp\/v2\/media?parent=189"}],"curies":[{"name":"wp","href":"https:\/\/api.w.org\/{rel}","templated":true}]}}