{"id":134,"date":"2012-09-30T13:56:40","date_gmt":"2012-09-30T13:56:40","guid":{"rendered":"http:\/\/ff-langenbieber.de\/?page_id=134"},"modified":"2025-02-25T21:57:02","modified_gmt":"2025-02-25T21:57:02","slug":"jugendfeuerwehr","status":"publish","type":"page","link":"http:\/\/ff-langenbieber.de\/index.php\/jugendfeuerwehr\/","title":{"rendered":"Jugendfeuerwehr"},"content":{"rendered":"<h3 align=\"center\">&nbsp;<\/h3>\n<p>Jugendfeuerwehr bedeutet neben Spiel, Sport und Spa\u00df auch das Erlernen von Verhaltensregeln des Lebens, wie Toleranz, das Einordnen in eine Gruppe oder die Hilfsbereitschaft gegen\u00fcber Dritten. Jugendfeuerwehr bedeutet aber auch, den Umgang mit der Technik und deren Gefahren zu erlernen. Es besteht jedoch kein Eintrittszwang in die aktive Feuerwehr f\u00fcr die Jugendlichen der Jugendfeuerwehr.<\/p>\n<p>In unserer Jugendfeuerwehr wird feuerwehrtechnische Ausbildung, sowie allgemeine Jugendarbeit (Kart-Fahren, Wanderungen, Kegeln, Kino, Zeltlager, Fahrten usw.) durchgef\u00fchrt. Dazu kommen noch Umweltschutzaktionen (Osterputz), Hutzelfeuer, Altkleidersammlungen. Diese Aufz\u00e4hlung kann nur einen kleinen \u00dcberblick geben, was in der Jugendfeuerwehr immer unter Aufsicht und R\u00fccksicht auf k\u00f6rperliche M\u00f6glichkeiten\/F\u00e4higkeiten der Gesamtgruppe durchgef\u00fchrt wird.<\/p>\n<p>Mitmachen k\u00f6nnen Jugendliche (m\/w\/d) zwischen 10 &#8211; 18 Jahren.<\/p>\n<p>Unsere Treffen sind Freitags um 18.30 Uhr bis 19.30 Uhr im Feuerwehrger\u00e4tehaus.<br \/>\nHaben wir dein Interesse geweckt besprich es mit deinen Eltern und schaue doch einfach mal vorbei.<\/p>\n<p><strong>Freitags, ab 18.30 Uhr im Feuerwehrger\u00e4tehaus<\/strong><\/p>\n<div class=\"fb-like\" data-href=\"https:\/\/www.facebook.com\/pages\/Jugendfeuerwehr-Langenbieber\/269616429766031?bookmark_t=page\" data-send=\"true\" data-width=\"450\" data-show-faces=\"false\" data-font=\"arial\">&nbsp;<\/div>\n<p>&nbsp;<\/p>\n","protected":false},"excerpt":{"rendered":"<p>&nbsp; Jugendfeuerwehr bedeutet neben Spiel, Sport und Spa\u00df auch das Erlernen von Verhaltensregeln des Lebens, wie Toleranz, das Einordnen in eine Gruppe oder die Hilfsbereitschaft gegen\u00fcber Dritten. Jugendfeuerwehr bedeutet aber auch, den Umgang mit der Technik und deren Gefahren zu erlernen. Es besteht jedoch kein Eintrittszwang in die aktive Feuerwehr f\u00fcr die Jugendlichen der Jugendfeuerwehr. [&hellip;]<\/p>\n","protected":false},"author":1,"featured_media":0,"parent":0,"menu_order":0,"comment_status":"closed","ping_status":"closed","template":"","meta":{"ngg_post_thumbnail":0,"ocean_post_layout":"","ocean_both_sidebars_style":"","ocean_both_sidebars_content_width":0,"ocean_both_sidebars_sidebars_width":0,"ocean_sidebar":"0","ocean_second_sidebar":"0","ocean_disable_margins":"enable","ocean_add_body_class":"","ocean_shortcode_before_top_bar":"","ocean_shortcode_after_top_bar":"","ocean_shortcode_before_header":"","ocean_shortcode_after_header":"","ocean_has_shortcode":"","ocean_shortcode_after_title":"","ocean_shortcode_before_footer_widgets":"","ocean_shortcode_after_footer_widgets":"","ocean_shortcode_before_footer_bottom":"","ocean_shortcode_after_footer_bottom":"","ocean_display_top_bar":"off","ocean_display_header":"on","ocean_header_style":"","ocean_center_header_left_menu":"0","ocean_custom_header_template":"0","ocean_custom_logo":0,"ocean_custom_retina_logo":0,"ocean_custom_logo_max_width":0,"ocean_custom_logo_tablet_max_width":0,"ocean_custom_logo_mobile_max_width":0,"ocean_custom_logo_max_height":0,"ocean_custom_logo_tablet_max_height":0,"ocean_custom_logo_mobile_max_height":0,"ocean_header_custom_menu":"0","ocean_menu_typo_font_family":"0","ocean_menu_typo_font_subset":"","ocean_menu_typo_font_size":0,"ocean_menu_typo_font_size_tablet":0,"ocean_menu_typo_font_size_mobile":0,"ocean_menu_typo_font_size_unit":"px","ocean_menu_typo_font_weight":"","ocean_menu_typo_font_weight_tablet":"","ocean_menu_typo_font_weight_mobile":"","ocean_menu_typo_transform":"","ocean_menu_typo_transform_tablet":"","ocean_menu_typo_transform_mobile":"","ocean_menu_typo_line_height":0,"ocean_menu_typo_line_height_tablet":0,"ocean_menu_typo_line_height_mobile":0,"ocean_menu_typo_line_height_unit":"","ocean_menu_typo_spacing":0,"ocean_menu_typo_spacing_tablet":0,"ocean_menu_typo_spacing_mobile":0,"ocean_menu_typo_spacing_unit":"","ocean_menu_link_color":"","ocean_menu_link_color_hover":"","ocean_menu_link_color_active":"","ocean_menu_link_background":"","ocean_menu_link_hover_background":"","ocean_menu_link_active_background":"","ocean_menu_social_links_bg":"","ocean_menu_social_hover_links_bg":"","ocean_menu_social_links_color":"","ocean_menu_social_hover_links_color":"","ocean_disable_title":"default","ocean_disable_heading":"default","ocean_post_title":"","ocean_post_subheading":"","ocean_post_title_style":"","ocean_post_title_background_color":"","ocean_post_title_background":0,"ocean_post_title_bg_image_position":"","ocean_post_title_bg_image_attachment":"","ocean_post_title_bg_image_repeat":"","ocean_post_title_bg_image_size":"","ocean_post_title_height":0,"ocean_post_title_bg_overlay":0.5,"ocean_post_title_bg_overlay_color":"","ocean_disable_breadcrumbs":"default","ocean_breadcrumbs_color":"","ocean_breadcrumbs_separator_color":"","ocean_breadcrumbs_links_color":"","ocean_breadcrumbs_links_hover_color":"","ocean_display_footer_widgets":"on","ocean_display_footer_bottom":"off","ocean_custom_footer_template":"2296","footnotes":""},"class_list":["post-134","page","type-page","status-publish","hentry","entry"],"_links":{"self":[{"href":"http:\/\/ff-langenbieber.de\/index.php\/wp-json\/wp\/v2\/pages\/134","targetHints":{"allow":["GET"]}}],"collection":[{"href":"http:\/\/ff-langenbieber.de\/index.php\/wp-json\/wp\/v2\/pages"}],"about":[{"href":"http:\/\/ff-langenbieber.de\/index.php\/wp-json\/wp\/v2\/types\/page"}],"author":[{"embeddable":true,"href":"http:\/\/ff-langenbieber.de\/index.php\/wp-json\/wp\/v2\/users\/1"}],"replies":[{"embeddable":true,"href":"http:\/\/ff-langenbieber.de\/index.php\/wp-json\/wp\/v2\/comments?post=134"}],"version-history":[{"count":0,"href":"http:\/\/ff-langenbieber.de\/index.php\/wp-json\/wp\/v2\/pages\/134\/revisions"}],"wp:attachment":[{"href":"http:\/\/ff-langenbieber.de\/index.php\/wp-json\/wp\/v2\/media?parent=134"}],"curies":[{"name":"wp","href":"https:\/\/api.w.org\/{rel}","templated":true}]}}