{"id":1287,"date":"2015-01-03T20:15:02","date_gmt":"2015-01-03T20:15:02","guid":{"rendered":"http:\/\/ff-langenbieber.de\/?page_id=1287"},"modified":"2023-03-05T15:10:30","modified_gmt":"2023-03-05T15:10:30","slug":"uebung-ludwig-wolker-haus-19-07-14","status":"publish","type":"page","link":"http:\/\/ff-langenbieber.de\/index.php\/uebung-ludwig-wolker-haus-19-07-14\/","title":{"rendered":"\u00dcbung Ludwig-Wolker Haus 19.07.14"},"content":{"rendered":"<p>&nbsp;<\/p>\n<p>Am 19.07.14 wurde zusammen mit den Feuerwehren der Gemeinde Hofbieber eine \u00dcbung am Ludwig-Wolker Haus in Kleinsassen abgehalten. Das vorgefundene Szenario war ein Brand in einem der Versammlungsr\u00e4ume des Ludwig-Wolker Hauses. Beim Eintreffen der Feuerwehr Kleinsassen waren noch mehrere Kinder und Jugendliche in den angrenzenden Tagungsr\u00e4umen vom Feuer eingeschlossen und riefen am Fenster um Hilfe. Unverz\u00fcglich begann man mit der Menschenrettung und baute zeitgleich eine Wasserversorgung vom Hydranten auf. Aufgrund der anhaltenden Hitze (an diesem Tag war es tats\u00e4chlich w\u00e4rmer als 30 \u00b0 C, was die Arbeit der Atemschutzger\u00e4tetr\u00e4ger sehr erschwerte \ud83d\ude42 ) und der ben\u00f6tigten Wassermengen musste zus\u00e4tzliche eine lange Wegestrecke vom nahegelegenen Fluss aufgebaut werden.<\/p>\n<p>Nachdem alle Jugendlichen \u00fcber die 4-teilige Steckleiter oder mittels Brandfluchthaube gerettet werden konnten, wurde der Brand bek\u00e4mpft. Anschlie\u00dfend fand eine Bel\u00fcftung der Brandr\u00e4ume mittels \u00dcberdruckl\u00fcfter statt.<\/p>\nngg_shortcode_0_placeholder\n","protected":false},"excerpt":{"rendered":"<p>&nbsp; Am 19.07.14 wurde zusammen mit den Feuerwehren der Gemeinde Hofbieber eine \u00dcbung am Ludwig-Wolker Haus in Kleinsassen abgehalten. Das vorgefundene Szenario war ein Brand in einem der Versammlungsr\u00e4ume des Ludwig-Wolker Hauses. Beim Eintreffen der Feuerwehr Kleinsassen waren noch mehrere Kinder und Jugendliche in den angrenzenden Tagungsr\u00e4umen vom Feuer eingeschlossen und riefen am Fenster um [&hellip;]<\/p>\n","protected":false},"author":1,"featured_media":0,"parent":0,"menu_order":0,"comment_status":"closed","ping_status":"closed","template":"","meta":{"ngg_post_thumbnail":0,"ocean_post_layout":"","ocean_both_sidebars_style":"","ocean_both_sidebars_content_width":0,"ocean_both_sidebars_sidebars_width":0,"ocean_sidebar":"0","ocean_second_sidebar":"0","ocean_disable_margins":"enable","ocean_add_body_class":"","ocean_shortcode_before_top_bar":"","ocean_shortcode_after_top_bar":"","ocean_shortcode_before_header":"","ocean_shortcode_after_header":"","ocean_has_shortcode":"","ocean_shortcode_after_title":"","ocean_shortcode_before_footer_widgets":"","ocean_shortcode_after_footer_widgets":"","ocean_shortcode_before_footer_bottom":"","ocean_shortcode_after_footer_bottom":"","ocean_display_top_bar":"off","ocean_display_header":"on","ocean_header_style":"","ocean_center_header_left_menu":"0","ocean_custom_header_template":"0","ocean_custom_logo":0,"ocean_custom_retina_logo":0,"ocean_custom_logo_max_width":0,"ocean_custom_logo_tablet_max_width":0,"ocean_custom_logo_mobile_max_width":0,"ocean_custom_logo_max_height":0,"ocean_custom_logo_tablet_max_height":0,"ocean_custom_logo_mobile_max_height":0,"ocean_header_custom_menu":"0","ocean_menu_typo_font_family":"0","ocean_menu_typo_font_subset":"","ocean_menu_typo_font_size":0,"ocean_menu_typo_font_size_tablet":0,"ocean_menu_typo_font_size_mobile":0,"ocean_menu_typo_font_size_unit":"px","ocean_menu_typo_font_weight":"","ocean_menu_typo_font_weight_tablet":"","ocean_menu_typo_font_weight_mobile":"","ocean_menu_typo_transform":"","ocean_menu_typo_transform_tablet":"","ocean_menu_typo_transform_mobile":"","ocean_menu_typo_line_height":0,"ocean_menu_typo_line_height_tablet":0,"ocean_menu_typo_line_height_mobile":0,"ocean_menu_typo_line_height_unit":"","ocean_menu_typo_spacing":0,"ocean_menu_typo_spacing_tablet":0,"ocean_menu_typo_spacing_mobile":0,"ocean_menu_typo_spacing_unit":"","ocean_menu_link_color":"","ocean_menu_link_color_hover":"","ocean_menu_link_color_active":"","ocean_menu_link_background":"","ocean_menu_link_hover_background":"","ocean_menu_link_active_background":"","ocean_menu_social_links_bg":"","ocean_menu_social_hover_links_bg":"","ocean_menu_social_links_color":"","ocean_menu_social_hover_links_color":"","ocean_disable_title":"default","ocean_disable_heading":"default","ocean_post_title":"","ocean_post_subheading":"","ocean_post_title_style":"","ocean_post_title_background_color":"","ocean_post_title_background":0,"ocean_post_title_bg_image_position":"","ocean_post_title_bg_image_attachment":"","ocean_post_title_bg_image_repeat":"","ocean_post_title_bg_image_size":"","ocean_post_title_height":0,"ocean_post_title_bg_overlay":0.5,"ocean_post_title_bg_overlay_color":"","ocean_disable_breadcrumbs":"default","ocean_breadcrumbs_color":"","ocean_breadcrumbs_separator_color":"","ocean_breadcrumbs_links_color":"","ocean_breadcrumbs_links_hover_color":"","ocean_display_footer_widgets":"on","ocean_display_footer_bottom":"off","ocean_custom_footer_template":"2296","footnotes":""},"class_list":["post-1287","page","type-page","status-publish","hentry","entry"],"_links":{"self":[{"href":"http:\/\/ff-langenbieber.de\/index.php\/wp-json\/wp\/v2\/pages\/1287","targetHints":{"allow":["GET"]}}],"collection":[{"href":"http:\/\/ff-langenbieber.de\/index.php\/wp-json\/wp\/v2\/pages"}],"about":[{"href":"http:\/\/ff-langenbieber.de\/index.php\/wp-json\/wp\/v2\/types\/page"}],"author":[{"embeddable":true,"href":"http:\/\/ff-langenbieber.de\/index.php\/wp-json\/wp\/v2\/users\/1"}],"replies":[{"embeddable":true,"href":"http:\/\/ff-langenbieber.de\/index.php\/wp-json\/wp\/v2\/comments?post=1287"}],"version-history":[{"count":0,"href":"http:\/\/ff-langenbieber.de\/index.php\/wp-json\/wp\/v2\/pages\/1287\/revisions"}],"wp:attachment":[{"href":"http:\/\/ff-langenbieber.de\/index.php\/wp-json\/wp\/v2\/media?parent=1287"}],"curies":[{"name":"wp","href":"https:\/\/api.w.org\/{rel}","templated":true}]}}