{"id":118,"date":"2012-09-30T11:01:41","date_gmt":"2012-09-30T11:01:41","guid":{"rendered":"http:\/\/ff-langenbieber.de\/?page_id=118"},"modified":"2023-04-16T15:01:54","modified_gmt":"2023-04-16T15:01:54","slug":"satzung","status":"publish","type":"page","link":"http:\/\/ff-langenbieber.de\/index.php\/satzung\/","title":{"rendered":"Satzung"},"content":{"rendered":"<p>&nbsp;<\/p>\n<p><span style=\"color: #000000; font-family: Verdana;\"><strong>Satzung der Freiwilligen Feuerwehr Langenbieber 1935 e.V.<\/strong> <\/span><\/p>\n<p>\u00a7 1 Name, Sitz, Rechtsform<\/p>\n<p>1)&nbsp;&nbsp;&nbsp;&nbsp;&nbsp; Der Verein tr\u00e4gt den Namen Freiwillige Feuerwehr Langenbieber 1935<br \/>\n2)&nbsp;&nbsp;&nbsp;&nbsp;&nbsp; Er hat nach Eintragung die Rechtsform eines eingetragenen Vereins.<br \/>\nDer Verein soll in das Vereinsregister beim Amtsgericht Fulda eingetragen werden.<br \/>\n3)&nbsp;&nbsp;&nbsp;&nbsp;&nbsp; Der Verein f\u00fchrt nach Eintragung in das Vereinsregister den Namenszusatz<br \/>\n&#8222;eingetragener Verein&#8220; in der abgek\u00fcrzten Form &#8222;e.V.&#8220;.<br \/>\n4)&nbsp;&nbsp;&nbsp;&nbsp;&nbsp; Der Sitz des Vereins ist Langenbieber.<\/p>\n<p>\u00a7 2 Zweck des Vereins<br \/>\n1)&nbsp;&nbsp;&nbsp;&nbsp;&nbsp; Der Verein Freiwillige Feuerwehr Langenbieber 1935 hat die Aufgabe<br \/>\na) das Feuerwehrwesen der Gemeinde Hofbieber zu f\u00f6rdern,<br \/>\nb) f\u00fcr den Brandschutzgedanken zu werben,<br \/>\nc) interessierte Einwohner f\u00fcr die Freiwillige Feuerwehr zu gewinnen,<br \/>\nd) die Jugendfeuerwehr zu f\u00f6rdern,<br \/>\n2)&nbsp;&nbsp;&nbsp;&nbsp;&nbsp; Der Verein verfolgt ausschlie\u00dflich und unmittelbar gemeinn\u00fctzige Zwecke im Sinne der<br \/>\nVorschrift des Dritten Abschnitts der Abgabenordnung 1977 vom 16. M\u00e4rz 1976 in der<br \/>\njeweils g\u00fcltigen Fassung.<br \/>\n3)&nbsp;&nbsp;&nbsp;&nbsp;&nbsp; Der Verein ist selbstlos t\u00e4tig; er verfolgt nicht in erster Linie eigenwirtschaftliche Zwecke.<br \/>\n4)&nbsp;&nbsp;&nbsp;&nbsp;&nbsp; Mittel des Vereins d\u00fcrfen nur f\u00fcr satzungsgem\u00e4\u00dfe Zwecke verwendet werden. Die Mitglieder<br \/>\nerhalten keine Zuwendungen aus Mitteln des Vereins.<br \/>\n5)&nbsp;&nbsp;&nbsp;&nbsp;&nbsp; Es darf keine Person durch Ausgaben, die dem Zweck des Vereins fremd sind, oder<br \/>\ndurch unverh\u00e4ltnism\u00e4\u00dfig hohe Verg\u00fctungen beg\u00fcnstigt werden.<\/p>\n<p>\u00a7 3 Mitglieder des Vereins<br \/>\nDer Verein besteht aus:<br \/>\na) den Mitgliedern der Einsatzabteilung,<br \/>\nb) den Mitgliedern der Altersabteilung,<br \/>\nc) den Ehrenmitgliedern,<br \/>\nd) den Mitgliedern der Jugendfeuerwehr,<br \/>\ne) den f\u00f6rdernden Mitgliedern.<\/p>\n<p>\u00a7 4 Erwerb der Mitgliedschaft<br \/>\n1)&nbsp;&nbsp;&nbsp;&nbsp;&nbsp; Die Mitgliedschaft ist schriftlich beim Vorstand zu beantragen und beginnt mit dem Tag<br \/>\nder Aufnahme. Die Aufnahme erfolgt durch Vorstandsbeschlu\u00df.<br \/>\n2)&nbsp;&nbsp;&nbsp;&nbsp;&nbsp; Aktive Mitglieder des Vereins sind solche, die gem\u00e4\u00df der Satzung f\u00fcr die Freiwilligen<br \/>\nFeuerwehren der Gemeinde Hofbieber der Einsatzabteilung oder der Jugendfeuerwehr angeh\u00f6ren.<br \/>\n3)&nbsp;&nbsp;&nbsp;&nbsp;&nbsp; Mitglieder der Altersabteilung k\u00f6nnen solche Personen werden, die der Einsatzabteilung<br \/>\nangeh\u00f6ren und die Altersgrenze erreicht haben oder vorher auf eigenen Wunsch und<br \/>\nehrenhaft aus dem aktiven Dienst ausgeschieden sind.<br \/>\n4)&nbsp;&nbsp;&nbsp;&nbsp;&nbsp; Zu Ehrenmitgliedern k\u00f6nnen nat\u00fcrliche Personen gew\u00e4hlt werden, die sich besondere<br \/>\nVerdienste erworben haben. Ehrenmitglieder werden auf Vorschlag des Vorstandes von<br \/>\nder Mitgliederversammlung ernannt.<br \/>\n5)&nbsp;&nbsp;&nbsp;&nbsp;&nbsp; Als f\u00f6rdernde Mitglieder k\u00f6nnen nat\u00fcrliche oder juristische Personen aufgenommen<br \/>\nwerden, die durch ihren Beitritt ihre Verbundenheit mit dem Feuerwehrwesen bekunden wollen.<br \/>\n6)&nbsp;&nbsp;&nbsp;&nbsp;&nbsp; Jedem Mitglied ist mit Eintritt in den Verein die jeweils g\u00fcltige Satzung zur Einsicht<br \/>\nvorzulegen.<\/p>\n<p>\u00a7 5 Beendigung der Mitgliedschaft<br \/>\n1)&nbsp;&nbsp;&nbsp;&nbsp;&nbsp; Die Mitgliedschaft kann zum Ende des Gesch\u00e4ftsjahres mit einer Frist von drei Monaten<br \/>\nschriftlich gek\u00fcndigt werden.<br \/>\n2)&nbsp;&nbsp;&nbsp;&nbsp;&nbsp; Die Mitgliedschaft endet ferner durch Ausschlu\u00df aus dem Verein.<br \/>\n3)&nbsp;&nbsp;&nbsp;&nbsp;&nbsp; Vereinsinterne Regelungen und Beschl\u00fcsse sind auch nach dem Ausscheiden nicht weiterzugeben.<br \/>\n4)&nbsp;&nbsp;&nbsp;&nbsp;&nbsp; Mit dem Ausscheiden erl\u00f6schen alle verm\u00f6gensrechtlichen Anspr\u00fcche des Mitglieds<br \/>\ngegen den Verein.<\/p>\n<p>\u00a7 6 Ausschlu\u00df aus dem Verein<br \/>\n1)&nbsp;&nbsp;&nbsp;&nbsp;&nbsp; Der Ausschlu\u00df ist auszusprechen, wenn ein Mitglied gegen die Interessen des Vereins verst\u00f6\u00dft.<br \/>\n2)&nbsp;&nbsp;&nbsp;&nbsp;&nbsp; \u00dcber den Ausschlu\u00df der Mitglieder entscheidet der Vorstand. Gegen diese Entscheidung ist<br \/>\nBeschwerde an den Vorstand zul\u00e4ssig. \u00dcber die Beschwerde entscheidet die Mitgliederversammlung.<br \/>\nBis zu deren Entscheidung ruht die Mitgliedschaft.<br \/>\n3)&nbsp;&nbsp;&nbsp;&nbsp;&nbsp; Die Ehrenmitgliedschaft kann auf Vorschlag des Vorstandes von der Mitglieder- versammlung<br \/>\naberkannt werden.<br \/>\n4)&nbsp;&nbsp;&nbsp;&nbsp;&nbsp; In allen F\u00e4llen ist der Auszuschlie\u00dfende vorher anzuh\u00f6ren. Der Ausschlu\u00df ist schriftlich<br \/>\nzu begr\u00fcnden.<\/p>\n<p>\u00a7 7 Mittel<br \/>\nDie Mittel zur Erreichung des Vereinszwecks werden aufgebracht<br \/>\na) durch j\u00e4hrliche Mitgliederbeitr\u00e4ge, deren H\u00f6he von der Mitgliederversammlung<br \/>\nfestzusetzen ist ( Ehrenmitglieder sind beitragsfrei ),<br \/>\nb) durch freiwillige Zuwendungen,<br \/>\nc) durch Zusch\u00fcsse aus \u00f6ffentlichen Mitteln,<br \/>\nd) durch sonstige Gelder.<\/p>\n<p>\u00a7 8 Organe des Vereins<br \/>\nDie Organe des Vereins sind<br \/>\na) Mitgliederversammlung,<br \/>\nb) Vereinsvorstand.<\/p>\n<p>\u00a7 9 Mitgliederversammlung<br \/>\n1)&nbsp;&nbsp;&nbsp;&nbsp;&nbsp; Die Mitgliederversammlung setzt sich aus den Vereinsmitgliedern zusammen und ist das<br \/>\noberste Beschlu\u00dforgan.<br \/>\n2)&nbsp;&nbsp;&nbsp;&nbsp;&nbsp; Die Mitgliederversammlung wird vom Vereinsvorsitzenden oder im Verhinderungsfall<br \/>\nvon seinem Stellvertreter geleitet.<br \/>\n3)&nbsp;&nbsp;&nbsp;&nbsp;&nbsp; Die Mitgliederversammlung ist unter Bekanntgabe der vorgesehenen Tagesordnung sowie<br \/>\nvon Ort und Zeitpunkt mit einer Frist von mindestens 14 Tagen schriftlich einzuberufen.<br \/>\n4)&nbsp;&nbsp;&nbsp;&nbsp;&nbsp; Antr\u00e4ge zur Mitgliederversammlung m\u00fcssen sp\u00e4testens eine Woche vor dem<br \/>\nVersammlungstermin dem Vereinsvorsitzenden schriftlich mitgeteilt werden.<br \/>\n5)&nbsp;&nbsp;&nbsp;&nbsp;&nbsp; Die ordentliche Mitgliederversammlung findet mindestens einmal j\u00e4hrlich statt.<br \/>\n6)&nbsp;&nbsp;&nbsp;&nbsp;&nbsp; Die Mitgliederversammlung ist zu berufen, wenn das Interesse des Vereins es erfordert.<br \/>\n7)&nbsp;&nbsp;&nbsp;&nbsp;&nbsp; Auf Antrag von mindestens einem Viertel der Stimmberechtigten ist innerhalb einer<br \/>\nvierw\u00f6chigen Frist eine au\u00dferordentliche Mitgliederversammlung einzuberufen. Im Antrag<br \/>\nm\u00fcssen die zu behandelnden Tagesordnungspunkte bezeichnet sein.<\/p>\n<p>\u00a7 10 Aufgaben der Mitgliederversammlung<br \/>\nDie Aufgaben der Mitgliederversammlung sind:<br \/>\na) Beratung und Beschlu\u00dffassung \u00fcber eingebrachte Antr\u00e4ge,<br \/>\nb) die Wahl des Vorsitzenden, des stellvertretenden Vorsitzenden, des Rechnungsf\u00fchrers, des<br \/>\nSchriftf\u00fchrers sowie der Beisitzer,<br \/>\nc) die Festsetzung der Mitgliedsbeitr\u00e4ge,<br \/>\nd) die Genehmigung der Jahresrechnung,<br \/>\ne) Entlastung des Vorstandes und des Rechnungsf\u00fchrers,<br \/>\nf) Wahl von zwei Kassenpr\u00fcfern, die nicht im Vorstand sind und zwei Jahre nicht die Kasse<br \/>\ngepr\u00fcft haben,<br \/>\ng) Beschlu\u00dffassung \u00fcber Satzungs\u00e4nderungen,<br \/>\nh) Wahl von Ehrenmitgliedern,<br \/>\ni) Entscheidung \u00fcber die Beschwerde von Mitgliedern gegen den Ausschlu\u00df aus dem Verein,<br \/>\nj) Beschlu\u00dffassung \u00fcber die Aufl\u00f6sung des Vereins.<\/p>\n<p>\u00a7 11 Verfahrensordnung f\u00fcr die Mitgliederversammlung<br \/>\n1)&nbsp;&nbsp;&nbsp;&nbsp;&nbsp; Die Mitgliederversammlung ist nach ordnungsgem\u00e4\u00dfer Einladung beschlu\u00dff\u00e4hig.<br \/>\n2)&nbsp;&nbsp;&nbsp;&nbsp;&nbsp; Stimmberechtigt sind die in \u00a7 3 a) &#8211; e) genannten Mitglieder, die das 17. Lebensjahr<br \/>\nvollendet haben.<br \/>\n3)&nbsp;&nbsp;&nbsp;&nbsp;&nbsp; Ein an der Teilnahme verhindertes Mitglied kann schriftlich festlegen ob es,<br \/>\nim Falle der Wahl, ein Amt im Vorstand annehmen w\u00fcrde.<br \/>\n4)&nbsp;&nbsp;&nbsp;&nbsp;&nbsp; Ein an der Teilnahme verhindertes Mitglied kann seine Stimme schriftlich abgeben.<br \/>\n5)&nbsp;&nbsp;&nbsp;&nbsp;&nbsp; Die Mitgliederversammlung beschlie\u00dft mit einfacher Mehrheit der abgegebenen Stimmen;<br \/>\nStimmengleichheit bedeutet Ablehnung. Satzungs\u00e4nderungen bed\u00fcrfen der Mehrheit von<br \/>\n2\/3 der abgegebenen g\u00fcltigen Stimmen. Abstimmungen erfolgen offen, sofern keine Ein-<br \/>\nwendungen aus der Versammlung dagegen bestehen. Stimmenthaltungen z\u00e4hlen als nicht<br \/>\nabgegebene Stimmen.<br \/>\n6)&nbsp;&nbsp;&nbsp;&nbsp;&nbsp; \u00dcber die Mitgliederversammlung ist eine Niederschrift zu fertigen, deren Richtigkeit vom<br \/>\nSchriftf\u00fchrer und dem Vorsitzenden zu bescheinigen ist.<br \/>\n7)&nbsp;&nbsp;&nbsp;&nbsp;&nbsp; Jedes Mitglied ist berechtigt, seine Antr\u00e4ge zur Niederschrift zu geben.<br \/>\n8)&nbsp;&nbsp;&nbsp;&nbsp;&nbsp; Der Wehrf\u00fchrer und sein Stellvertreter sowie der Jugendfeuerwehrwart werden nach den<br \/>\nBestimmungen der Satzung f\u00fcr die Freiwilligen Feuerwehren der Gro\u00dfgemeinde Hofbieber,<br \/>\nin der jeweils g\u00fcltigen Fassung, gew\u00e4hlt.<\/p>\n<p>\u00a7 12 Der Vereinsvorstand<br \/>\n1)&nbsp;&nbsp;&nbsp;&nbsp;&nbsp; Der Vereinsvorstand besteht aus:<br \/>\na) dem Vorsitzenden,<br \/>\nb) dem stellvertretendem Vorsitzenden,<br \/>\nc) dem Wehrf\u00fchrer,<br \/>\nd) dem stellvertretendem Wehrf\u00fchrer,<br \/>\ne) dem Jugendfeuerwehrwart oder seinem Stellvertreter,<br \/>\nf) dem Rechnungsf\u00fchrer,<br \/>\ng) dem Schriftf\u00fchrer,<br \/>\nh) bis zu drei Beisitzern.<br \/>\n2)&nbsp;&nbsp;&nbsp;&nbsp;&nbsp; Der Vorsitzende oder sein Stellvertreter l\u00e4dt zu den Vorstandssitzungen ein und leitet die<br \/>\nSitzung. \u00dcber den wesentlichen Gang ist eine Niederschrift zu fertigen, die von dem<br \/>\nLeiter der Sitzung und dem Schriftf\u00fchrer zu unterzeichnen ist.<br \/>\n3)&nbsp;&nbsp;&nbsp;&nbsp;&nbsp; Nach Bedarf k\u00f6nnen Personen mit beratender Stimme zu Vorstandssitzungen geladen werden<br \/>\n4)&nbsp;&nbsp;&nbsp;&nbsp;&nbsp; Der Vorstand beschlie\u00dft mit Stimmenmehrheit. Bei Stimmengleichheit gibt die Stimme<br \/>\ndes Vorsitzenden den Ausschlag.<br \/>\n5)&nbsp;&nbsp;&nbsp;&nbsp;&nbsp; Mitglieder des Vorstandes k\u00f6nnen durch einen Mi\u00dftrauensantrag in einer Mitgliederversammlung<br \/>\nvon 2\/3 der anwesenden stimmberechtigten Mitglieder abgel\u00f6st werden.<br \/>\n6)&nbsp;&nbsp;&nbsp;&nbsp;&nbsp; Begleitet ein Vorstandsmitglied mehrere \u00c4mter, so hat es nur das Abgaberecht einer Stimme.<br \/>\n7)&nbsp;&nbsp;&nbsp;&nbsp;&nbsp; Der Vorstand wird f\u00fcr eine Amtszeit von f\u00fcnf Jahren gew\u00e4hlt.<\/p>\n<p>\u00a7 13 Wahlen<br \/>\n1)&nbsp;&nbsp;&nbsp;&nbsp;&nbsp; Wahlen werden vom Wahlausschu\u00df geleitet.<br \/>\n2)&nbsp;&nbsp;&nbsp;&nbsp;&nbsp; Der Wahlausschu\u00df besteht aus einem Wahlleiter und zwei Beisitzern.<br \/>\n3)&nbsp;&nbsp;&nbsp;&nbsp;&nbsp; Mitglieder k\u00f6nnen Vorschl\u00e4ge zur Wahl m\u00fcndlich oder schriftlich beim Wahlleiter einbringen.<br \/>\n4)&nbsp;&nbsp;&nbsp;&nbsp;&nbsp; Scheidet ein Vorstandsmitglied w\u00e4hrend der Wahlzeit aus, so ist in der n\u00e4chsten<br \/>\nMitgliederversammlung eine Erg\u00e4nzungsneuwahl durchzuf\u00fchren. Die Wahl erfolgt f\u00fcr<br \/>\nden Rest der Wahlzeit des Gesamtvorstandes.<\/p>\n<p>\u00a7 14 Gesch\u00e4ftsf\u00fchrung und Vertretung<br \/>\n1)&nbsp;&nbsp;&nbsp;&nbsp;&nbsp; Der Vorstand f\u00fchrt die Gesch\u00e4fte des Vereins nach den Beschl\u00fcssen der<br \/>\nMitgliederversammlung ehrenamtlich.<br \/>\n2)&nbsp;&nbsp;&nbsp;&nbsp;&nbsp; Der Verein wird gerichtlich und au\u00dfergerichtlich durch den Vorsitzenden oder den<br \/>\nStellvertretenden Vorsitzenden vertreten.<br \/>\nVereinsintern gilt, da\u00df der Stellvertretende Vorsitzende nur im Verhinderungsfall des<br \/>\nVorsitzenden t\u00e4tig wird.<br \/>\n3)&nbsp;&nbsp;&nbsp;&nbsp;&nbsp; Das Gesch\u00e4ftsjahr ist das Kalenderjahr.<\/p>\n<p>\u00a7 15 Niederschriften<br \/>\n1)&nbsp;&nbsp;&nbsp;&nbsp;&nbsp; \u00dcber jede Mitgliederversammlung ist eine Niederschrift zu fertigen.<br \/>\n2)&nbsp;&nbsp;&nbsp;&nbsp;&nbsp; Eine Niederschrift von der letzten Vorstandssitzung oder Mitgliederversammlung<br \/>\nist in der jeweils n\u00e4chsten Sitzung bzw. Versammlung zur Genehmigung zu verlesen.<\/p>\n<p>\u00a7 16 Rechnungswesen<br \/>\n1)&nbsp;&nbsp;&nbsp;&nbsp;&nbsp; Der Rechnungsf\u00fchrer ist f\u00fcr die ordnungsgem\u00e4\u00dfe Erledigung der Kassengesch\u00e4fte<br \/>\nverantwortlich.<br \/>\n2)&nbsp;&nbsp;&nbsp;&nbsp;&nbsp; Er darf Auszahlungen nur leisten, wenn der Vorsitzende oder im Verhinderungsfalle<br \/>\nsein Stellvertreter eine Auszahlungsanordnung erteilt hat.<br \/>\n3)&nbsp;&nbsp;&nbsp;&nbsp;&nbsp; \u00dcber die Einnahmen und Ausgaben ist Buch zu f\u00fchren.<br \/>\n4)&nbsp;&nbsp;&nbsp;&nbsp;&nbsp; Am Ende des Gesch\u00e4ftsjahres legt er gegen\u00fcber den Kassenpr\u00fcfern eine Abschlu\u00dfrechnung vor.<br \/>\n5)&nbsp;&nbsp;&nbsp;&nbsp;&nbsp; Die Kassenpr\u00fcfer pr\u00fcfen die Kassengesch\u00e4fte und erstatten der Mitgliederversammlung<br \/>\nBericht.<\/p>\n<p>\u00a7 17 Jugendfeuerwehr<br \/>\n1)&nbsp;&nbsp;&nbsp;&nbsp;&nbsp; Die jeweils g\u00fcltige Jugendordnung der Jugendfeuerwehr ist Bestandteil dieser Satzung.<\/p>\n<p>\u00a7 18 Einsatzabteilung<br \/>\n1)&nbsp;&nbsp;&nbsp;&nbsp;&nbsp; Neben der Vereinssatzung der Freiwilligen Feuerwehr Langenbieber gilt f\u00fcr die<br \/>\nMitglieder der Einsatzabteilung auch die Satzung f\u00fcr die Freiwilligen Feuerwehren<br \/>\nder Gemeinde Hofbieber in der jeweils g\u00fcltigen Fassung.<\/p>\n<p>\u00a7 19 Aufl\u00f6sung<br \/>\n1)&nbsp;&nbsp;&nbsp;&nbsp;&nbsp; Der Verein wird aufgel\u00f6st, wenn in einer hierzu einberufenen Mitgliederversammlung<br \/>\nmindestens 4\/5 der Mitglieder vertreten sind und mit \u00be der abgegebenen Stimmen die<br \/>\nAufl\u00f6sung beschlie\u00dfen.<br \/>\n2)&nbsp;&nbsp;&nbsp;&nbsp;&nbsp; Ist die Mitgliederversammlung nicht beschlu\u00dff\u00e4hig, so kann nach Ablauf eines Monats<br \/>\neine neue Mitgliederversammlung einberufen werden, in der der Beschlu\u00df zur Aufl\u00f6sung<br \/>\nohne R\u00fccksicht auf die Zahl der Stimmberechtigten mit einer Stimmenmehrheit von \u00be<br \/>\nder vertretenen Stimmen gefa\u00dft wird. In der zweiten Ladung mu\u00df auf diese Bestimmung<br \/>\nbesonders hingewiesen werden.<br \/>\n3)&nbsp;&nbsp;&nbsp;&nbsp;&nbsp; Bei der Aufl\u00f6sung oder Aufhebung des Vereins oder bei Wegfall seines bisherigen<br \/>\nZweckes f\u00e4llt das Verm\u00f6gen des Vereins an die Gemeinde Hofbieber die es unmittelbar<br \/>\nund ausschlie\u00dflich f\u00fcr gemeinn\u00fctzige Zwecke der Feuerwehreinrichtung im Ortsteil<br \/>\nLangenbieber zu verwenden hat.<\/p>\n<p>\u00a7 20 \u00dcbergangsregelung<br \/>\n1)&nbsp;&nbsp;&nbsp;&nbsp;&nbsp; Wer bisher der Freiwilligen Feuerwehr Langenbieber angeh\u00f6rt hat wird automatisch<br \/>\nMitglied des neugegr\u00fcndeten Vereins &#8220; Freiwillige Feuerwehr Langenbieber 1935 &#8220;<br \/>\nsofern er nicht innerhalb von acht Wochen nach Annahme der Satzung durch die<br \/>\nMitgliederversammlung Widerspruch einlegt.<br \/>\n2)&nbsp;&nbsp;&nbsp;&nbsp;&nbsp; Der Widerspruch ist schriftlich beim Vorsitzenden einzureichen.<br \/>\n3)&nbsp;&nbsp;&nbsp;&nbsp;&nbsp; \u00a7 4 Abs. 6 gilt entsprechend.<\/p>\n<p>&nbsp;<\/p>\n","protected":false},"excerpt":{"rendered":"<p>&nbsp; Satzung der Freiwilligen Feuerwehr Langenbieber 1935 e.V. \u00a7 1 Name, Sitz, Rechtsform 1)&nbsp;&nbsp;&nbsp;&nbsp;&nbsp; Der Verein tr\u00e4gt den Namen Freiwillige Feuerwehr Langenbieber 1935 2)&nbsp;&nbsp;&nbsp;&nbsp;&nbsp; Er hat nach Eintragung die Rechtsform eines eingetragenen Vereins. Der Verein soll in das Vereinsregister beim Amtsgericht Fulda eingetragen werden. 3)&nbsp;&nbsp;&nbsp;&nbsp;&nbsp; Der Verein f\u00fchrt nach Eintragung in das Vereinsregister den Namenszusatz [&hellip;]<\/p>\n","protected":false},"author":1,"featured_media":0,"parent":0,"menu_order":0,"comment_status":"closed","ping_status":"closed","template":"","meta":{"ngg_post_thumbnail":0,"ocean_post_layout":"","ocean_both_sidebars_style":"","ocean_both_sidebars_content_width":0,"ocean_both_sidebars_sidebars_width":0,"ocean_sidebar":"0","ocean_second_sidebar":"0","ocean_disable_margins":"enable","ocean_add_body_class":"","ocean_shortcode_before_top_bar":"","ocean_shortcode_after_top_bar":"","ocean_shortcode_before_header":"","ocean_shortcode_after_header":"","ocean_has_shortcode":"","ocean_shortcode_after_title":"","ocean_shortcode_before_footer_widgets":"","ocean_shortcode_after_footer_widgets":"","ocean_shortcode_before_footer_bottom":"","ocean_shortcode_after_footer_bottom":"","ocean_display_top_bar":"off","ocean_display_header":"on","ocean_header_style":"","ocean_center_header_left_menu":"0","ocean_custom_header_template":"0","ocean_custom_logo":0,"ocean_custom_retina_logo":0,"ocean_custom_logo_max_width":0,"ocean_custom_logo_tablet_max_width":0,"ocean_custom_logo_mobile_max_width":0,"ocean_custom_logo_max_height":0,"ocean_custom_logo_tablet_max_height":0,"ocean_custom_logo_mobile_max_height":0,"ocean_header_custom_menu":"0","ocean_menu_typo_font_family":"0","ocean_menu_typo_font_subset":"","ocean_menu_typo_font_size":0,"ocean_menu_typo_font_size_tablet":0,"ocean_menu_typo_font_size_mobile":0,"ocean_menu_typo_font_size_unit":"px","ocean_menu_typo_font_weight":"","ocean_menu_typo_font_weight_tablet":"","ocean_menu_typo_font_weight_mobile":"","ocean_menu_typo_transform":"","ocean_menu_typo_transform_tablet":"","ocean_menu_typo_transform_mobile":"","ocean_menu_typo_line_height":0,"ocean_menu_typo_line_height_tablet":0,"ocean_menu_typo_line_height_mobile":0,"ocean_menu_typo_line_height_unit":"","ocean_menu_typo_spacing":0,"ocean_menu_typo_spacing_tablet":0,"ocean_menu_typo_spacing_mobile":0,"ocean_menu_typo_spacing_unit":"","ocean_menu_link_color":"","ocean_menu_link_color_hover":"","ocean_menu_link_color_active":"","ocean_menu_link_background":"","ocean_menu_link_hover_background":"","ocean_menu_link_active_background":"","ocean_menu_social_links_bg":"","ocean_menu_social_hover_links_bg":"","ocean_menu_social_links_color":"","ocean_menu_social_hover_links_color":"","ocean_disable_title":"default","ocean_disable_heading":"default","ocean_post_title":"","ocean_post_subheading":"","ocean_post_title_style":"","ocean_post_title_background_color":"","ocean_post_title_background":0,"ocean_post_title_bg_image_position":"","ocean_post_title_bg_image_attachment":"","ocean_post_title_bg_image_repeat":"","ocean_post_title_bg_image_size":"","ocean_post_title_height":0,"ocean_post_title_bg_overlay":0.5,"ocean_post_title_bg_overlay_color":"","ocean_disable_breadcrumbs":"default","ocean_breadcrumbs_color":"","ocean_breadcrumbs_separator_color":"","ocean_breadcrumbs_links_color":"","ocean_breadcrumbs_links_hover_color":"","ocean_display_footer_widgets":"on","ocean_display_footer_bottom":"off","ocean_custom_footer_template":"2296","footnotes":""},"class_list":["post-118","page","type-page","status-publish","hentry","entry"],"_links":{"self":[{"href":"http:\/\/ff-langenbieber.de\/index.php\/wp-json\/wp\/v2\/pages\/118","targetHints":{"allow":["GET"]}}],"collection":[{"href":"http:\/\/ff-langenbieber.de\/index.php\/wp-json\/wp\/v2\/pages"}],"about":[{"href":"http:\/\/ff-langenbieber.de\/index.php\/wp-json\/wp\/v2\/types\/page"}],"author":[{"embeddable":true,"href":"http:\/\/ff-langenbieber.de\/index.php\/wp-json\/wp\/v2\/users\/1"}],"replies":[{"embeddable":true,"href":"http:\/\/ff-langenbieber.de\/index.php\/wp-json\/wp\/v2\/comments?post=118"}],"version-history":[{"count":0,"href":"http:\/\/ff-langenbieber.de\/index.php\/wp-json\/wp\/v2\/pages\/118\/revisions"}],"wp:attachment":[{"href":"http:\/\/ff-langenbieber.de\/index.php\/wp-json\/wp\/v2\/media?parent=118"}],"curies":[{"name":"wp","href":"https:\/\/api.w.org\/{rel}","templated":true}]}}